{"id":139,"date":"2020-04-01T16:08:14","date_gmt":"2020-04-01T16:08:14","guid":{"rendered":"http:\/\/www.maien.de\/?page_id=139"},"modified":"2026-04-09T07:23:48","modified_gmt":"2026-04-09T07:23:48","slug":"restaurant","status":"publish","type":"page","link":"https:\/\/www.maien.de\/?page_id=139","title":{"rendered":"Restaurant"},"content":{"rendered":"\n<p>Wir verw\u00f6hnen Sie mit unseren kulinarischen Spezialit\u00e4ten in der  gem\u00fctlichen historischen Bauernstube mit \u00fcber 350-j\u00e4hriger Tradition oder auf unserer Sonnenterasse mit sch\u00f6nem Blick in den Ortskern und auf die Wallfahrtskirche.<\/p>\n\n\n\n<div class=\"wp-block-media-text alignwide has-media-on-the-right is-stacked-on-mobile\"><div class=\"wp-block-media-text__content\">\n<p class=\"has-medium-font-size\">Kachelofen<\/p>\n<\/div><figure class=\"wp-block-media-text__media\"><img loading=\"lazy\" decoding=\"async\" width=\"768\" height=\"1024\" src=\"https:\/\/www.maien.de\/wp-content\/uploads\/2026\/04\/IMG_5186-1-768x1024.jpeg\" alt=\"\" class=\"wp-image-650 size-full\" srcset=\"https:\/\/www.maien.de\/wp-content\/uploads\/2026\/04\/IMG_5186-1-768x1024.jpeg 768w, https:\/\/www.maien.de\/wp-content\/uploads\/2026\/04\/IMG_5186-1-225x300.jpeg 225w, https:\/\/www.maien.de\/wp-content\/uploads\/2026\/04\/IMG_5186-1-1152x1536.jpeg 1152w, https:\/\/www.maien.de\/wp-content\/uploads\/2026\/04\/IMG_5186-1-1536x2048.jpeg 1536w, https:\/\/www.maien.de\/wp-content\/uploads\/2026\/04\/IMG_5186-1-1200x1600.jpeg 1200w, https:\/\/www.maien.de\/wp-content\/uploads\/2026\/04\/IMG_5186-1-scaled.jpeg 1920w\" sizes=\"auto, (max-width: 768px) 85vw, 768px\" \/><\/figure><\/div>\n\n\n\n<div class=\"wp-block-media-text alignwide is-stacked-on-mobile\"><figure class=\"wp-block-media-text__media\"><img loading=\"lazy\" decoding=\"async\" width=\"1024\" height=\"1024\" src=\"https:\/\/www.maien.de\/wp-content\/uploads\/2026\/04\/IMG_4869-1024x1024.jpeg\" alt=\"\" class=\"wp-image-652 size-full\" srcset=\"https:\/\/www.maien.de\/wp-content\/uploads\/2026\/04\/IMG_4869-1024x1024.jpeg 1024w, https:\/\/www.maien.de\/wp-content\/uploads\/2026\/04\/IMG_4869-300x300.jpeg 300w, https:\/\/www.maien.de\/wp-content\/uploads\/2026\/04\/IMG_4869-150x150.jpeg 150w, https:\/\/www.maien.de\/wp-content\/uploads\/2026\/04\/IMG_4869-768x768.jpeg 768w, https:\/\/www.maien.de\/wp-content\/uploads\/2026\/04\/IMG_4869-1536x1536.jpeg 1536w, https:\/\/www.maien.de\/wp-content\/uploads\/2026\/04\/IMG_4869-1200x1200.jpeg 1200w, https:\/\/www.maien.de\/wp-content\/uploads\/2026\/04\/IMG_4869.jpeg 1899w\" sizes=\"auto, (max-width: 709px) 85vw, (max-width: 909px) 67vw, (max-width: 1362px) 62vw, 840px\" \/><\/figure><div class=\"wp-block-media-text__content\">\n<p class=\"has-medium-font-size\">Hans-Thoma-Stube<\/p>\n<\/div><\/div>\n\n\n\n<div class=\"wp-block-media-text alignwide has-media-on-the-right is-stacked-on-mobile\"><div class=\"wp-block-media-text__content\">\n<p class=\"has-medium-font-size\">Terasse<\/p>\n<\/div><figure class=\"wp-block-media-text__media\"><img loading=\"lazy\" decoding=\"async\" width=\"768\" height=\"1024\" src=\"https:\/\/www.maien.de\/wp-content\/uploads\/2026\/04\/IMG_5258-1-768x1024.jpeg\" alt=\"\" class=\"wp-image-651 size-full\" srcset=\"https:\/\/www.maien.de\/wp-content\/uploads\/2026\/04\/IMG_5258-1-768x1024.jpeg 768w, https:\/\/www.maien.de\/wp-content\/uploads\/2026\/04\/IMG_5258-1-225x300.jpeg 225w, https:\/\/www.maien.de\/wp-content\/uploads\/2026\/04\/IMG_5258-1-1152x1536.jpeg 1152w, https:\/\/www.maien.de\/wp-content\/uploads\/2026\/04\/IMG_5258-1-1536x2048.jpeg 1536w, https:\/\/www.maien.de\/wp-content\/uploads\/2026\/04\/IMG_5258-1-1200x1600.jpeg 1200w, https:\/\/www.maien.de\/wp-content\/uploads\/2026\/04\/IMG_5258-1-scaled.jpeg 1920w\" sizes=\"auto, (max-width: 768px) 85vw, 768px\" \/><\/figure><\/div>\n","protected":false},"excerpt":{"rendered":"<p>Wir verw\u00f6hnen Sie mit unseren kulinarischen Spezialit\u00e4ten in der gem\u00fctlichen historischen Bauernstube mit \u00fcber 350-j\u00e4hriger Tradition oder auf unserer Sonnenterasse mit sch\u00f6nem Blick in den Ortskern und auf die Wallfahrtskirche. Kachelofen Hans-Thoma-Stube Terasse<\/p>\n","protected":false},"author":1,"featured_media":0,"parent":0,"menu_order":0,"comment_status":"closed","ping_status":"closed","template":"","meta":{"footnotes":""},"class_list":["post-139","page","type-page","status-publish","hentry"],"publishpress_future_action":{"enabled":false,"date":"2026-05-14 13:28:45","action":"change-status","newStatus":"draft","terms":[],"taxonomy":"","extraData":[]},"publishpress_future_workflow_manual_trigger":{"enabledWorkflows":[]},"_links":{"self":[{"href":"https:\/\/www.maien.de\/index.php?rest_route=\/wp\/v2\/pages\/139","targetHints":{"allow":["GET"]}}],"collection":[{"href":"https:\/\/www.maien.de\/index.php?rest_route=\/wp\/v2\/pages"}],"about":[{"href":"https:\/\/www.maien.de\/index.php?rest_route=\/wp\/v2\/types\/page"}],"author":[{"embeddable":true,"href":"https:\/\/www.maien.de\/index.php?rest_route=\/wp\/v2\/users\/1"}],"replies":[{"embeddable":true,"href":"https:\/\/www.maien.de\/index.php?rest_route=%2Fwp%2Fv2%2Fcomments&post=139"}],"version-history":[{"count":14,"href":"https:\/\/www.maien.de\/index.php?rest_route=\/wp\/v2\/pages\/139\/revisions"}],"predecessor-version":[{"id":654,"href":"https:\/\/www.maien.de\/index.php?rest_route=\/wp\/v2\/pages\/139\/revisions\/654"}],"wp:attachment":[{"href":"https:\/\/www.maien.de\/index.php?rest_route=%2Fwp%2Fv2%2Fmedia&parent=139"}],"curies":[{"name":"wp","href":"https:\/\/api.w.org\/{rel}","templated":true}]}}