{"id":191,"date":"2020-04-01T16:24:20","date_gmt":"2020-04-01T16:24:20","guid":{"rendered":"http:\/\/www.maien.de\/?page_id=191"},"modified":"2025-07-29T06:51:23","modified_gmt":"2025-07-29T06:51:23","slug":"impressum","status":"publish","type":"page","link":"https:\/\/www.maien.de\/?page_id=191","title":{"rendered":"Impressum\/ Kontakt"},"content":{"rendered":"\n<figure class=\"wp-block-table alignleft is-style-stripes\"><table class=\"\"><tbody><tr><td><strong>Hotel Maien GmbH<\/strong> <br>Hauptstr. 2<br>79682 Todtmoos<br> Telefon: +49 (0)7674 222<br> E-Mail:&nbsp; info@maien.de<br> Internet: www.maien.de<\/td><td>Handelsregister: Amtsgericht Freiburg HRB 650145<br>Umsatzsteuer-Identifikationsnummer gem\u00e4\u00df \u00a7 27 a Umsatzsteuergesetz: DE142682856 <br> <\/td><\/tr><tr><td><\/td><td><\/td><\/tr><tr><td><strong>Vertretungsberechtigter Gesch\u00e4ftsf\u00fchrer<\/strong>:<br> <br> Wolfgang Alber<\/td><td><strong>Verantwortlich f\u00fcr den Inhalt:<br> <\/strong><br>Hotel Maien GmbH<br>Ansprechpartner: Wolfgang Alber<\/td><\/tr><\/tbody><\/table><\/figure>\n\n\n\n<p> <strong>Haftungsausschluss<\/strong> <\/p>\n\n\n\n<figure class=\"wp-block-table is-style-stripes\"><table class=\"\"><tbody><tr><td>Inhalt des Onlineangebotes<br> <br>Die Hotel Maien GmbH \u00fcbernimmt keinerlei  Gew\u00e4hr f\u00fcr die Aktualit\u00e4t, Korrektheit, Vollst\u00e4ndigkeit oder Qualit\u00e4t  der bereitgestellten Informationen. Haftungsanspr\u00fcche gegen die  Hotel Maien  GmbH, welche sich auf Sch\u00e4den materieller oder ideeller Art  beziehen, die durch die Nutzung oder Nichtnutzung der dargebotenen  Informationen bzw. durch die Nutzung fehlerhafter und unvollst\u00e4ndiger  Informationen verursacht wurden, sind grunds\u00e4tzlich ausgeschlossen,  sofern seitens der  Hotel Maien  GmbH kein nachweislich vors\u00e4tzliches  oder grob fahrl\u00e4ssiges Verschulden vorliegt. Die  Hotel Maien  GmbH  beh\u00e4lt es sich ausdr\u00fccklich vor, Teile der Seiten oder das gesamte  Angebot ohne gesonderte Ank\u00fcndigung zu ver\u00e4ndern, zu erg\u00e4nzen, zu  l\u00f6schen oder die Ver\u00f6ffentlichung zeitweise oder endg\u00fcltig einzustellen.  Sofern innerhalb des Internetangebotes die M\u00f6glichkeit zur Eingabe  pers\u00f6nlicher oder gesch\u00e4ftlicher Daten (Emailadressen, Namen,  Anschriften) besteht, so erfolgt die Preisgabe dieser Daten seitens des  Nutzers auf ausdr\u00fccklich freiwilliger Basis.<\/td><\/tr><tr><td>Verweise und Links<br><br>Bei direkten oder indirekten Verweisen auf  fremde Internetseiten (&#8222;Links&#8220;), die au\u00dferhalb des  Verantwortungsbereiches der  Hotel Maien  GmbH liegen, tritt eine  Haftungsverpflichtung ausschlie\u00dflich in dem Fall in Kraft, in dem die   Hotel Maien  GmbH von den Inhalten Kenntnis hat und es ihr technisch  m\u00f6glich und zumutbar ist, die Nutzung im Falle rechtswidriger Inhalte zu  verhindern. Die  Hotel Maien  GmbH hat keinerlei Einfluss auf die  aktuelle und zuk\u00fcnftige Gestaltung und auf die Inhalte der gelinkten  Seiten. Trotz sorgf\u00e4ltiger inhaltlicher Kontrolle kann keine Haftung f\u00fcr  die Inhalte externer Links \u00fcbernommen werden. F\u00fcr den Inhalt der  verlinkten Seiten sind ausschlie\u00dflich deren Betreiber verantwortlich.  Deshalb distanziert sie sich hiermit ausdr\u00fccklich von allen Inhalten  aller gelinkten Seiten, die nach der Linksetzung ver\u00e4ndert wurden. Diese  Feststellung gilt f\u00fcr alle innerhalb des eigenen Internetangebotes  gesetzten Links und Verweise sowie f\u00fcr Fremdeintr\u00e4ge in von der  Hotel Maien  GmbH eingerichteten G\u00e4steb\u00fcchern, Diskussionsforen und  Mailinglisten. F\u00fcr illegale, fehlerhafte oder unvollst\u00e4ndige Inhalte und  insbesondere f\u00fcr Sch\u00e4den, die aus der Nutzung oder Nichtnutzung  solcherart dargebotener Informationen entstehen, haftet allein der  Anbieter der Seite, auf welche verwiesen wurde, nicht derjenige, der  \u00fcber Links auf die jeweilige Ver\u00f6ffentlichung lediglich verweist.<\/td><\/tr><tr><td> Urheber- und Kennzeichenrecht<br> <br>Alle innerhalb des Internetangebotes genannten  und ggf. durch Dritte gesch\u00fctzten Marken- und Warenzeichen unterliegen  uneingeschr\u00e4nkt den Bestimmungen des jeweils g\u00fcltigen Kennzeichenrechts  und den Besitzrechten der jeweiligen eingetragenen Eigent\u00fcmer. Das  Copyright f\u00fcr ver\u00f6ffentlichte, von der  Hotel Maien  GmbH selbst  erstellte Objekte bleibt allein bei der  Hotel Maien  GmbH als Autorin  der Seiten. Eine Vervielf\u00e4ltigung oder Verwendung solcher Grafiken,  Tondokumente, Videosequenzen und Texte in anderen elektronischen oder  gedruckten Publikationen ist ohne ausdr\u00fcckliche schriftliche Zustimmung  der  Hotel Maien  GmbH nicht gestattet.<\/td><\/tr><tr><td> Rechtswirksamkeit dieses Haftungsausschlusses<br> <br>Dieser Haftungsausschluss ist als Teil des  Internetangebotes zu betrachten, von dem aus auf diese Seite verwiesen  wurde. Sofern Teile oder einzelne Formulierungen dieses Textes der  geltenden Rechtslage nicht, nicht mehr oder nicht vollst\u00e4ndig  entsprechen sollten, bleiben die \u00fcbrigen Teile des Dokumentes in ihrem  Inhalt und ihrer G\u00fcltigkeit davon unber\u00fchrt.<\/td><\/tr><tr><td>Informationen zum Schutz personenbezogener Daten und Weitergabe an Dritte<br> <br>Die  Hotel Maien  GmbH nimmt den Schutz  personenbezogener Daten sehr ernst. Sofern innerhalb des  Internetangebotes die M\u00f6glichkeit zur Eingabe pers\u00f6nlicher oder  gesch\u00e4ftlicher Daten (E-Mail-Adressen, Namen, Anschriften) besteht, so  erfolgt die Preisgabe dieser Daten seitens des Nutzers auf ausdr\u00fccklich  freiwilliger Basis. Ihre personenbezogenen Daten sind nur besonders  befugten Personen zug\u00e4nglich, die mit der Bearbeitung Ihrer Daten  beauftragt sind. Die Nutzung der im Rahmen des Impressums oder  vergleichbarer Angaben ver\u00f6ffentlichten Kontaktdaten wie Postanschrift,  Telefon- und Faxnummern sowie E-Mail-Adressen durch Dritte zur  \u00dcbersendung von nicht ausdr\u00fccklich angeforderten Informationen ist nicht  gestattet. Rechtliche Schritte gegen die Versender von so genannten  Spam Mails bei Verst\u00f6\u00dfen gegen dieses Verbot sind ausdr\u00fccklich  vorbehalten.<\/td><\/tr><\/tbody><\/table><\/figure>\n","protected":false},"excerpt":{"rendered":"<p>Hotel Maien GmbH Hauptstr. 279682 Todtmoos Telefon: +49 (0)7674 222 E-Mail:&nbsp; info@maien.de Internet: www.maien.de Handelsregister: Amtsgericht Freiburg HRB 650145Umsatzsteuer-Identifikationsnummer gem\u00e4\u00df \u00a7 27 a Umsatzsteuergesetz: DE142682856 Vertretungsberechtigter Gesch\u00e4ftsf\u00fchrer: Wolfgang Alber Verantwortlich f\u00fcr den Inhalt: Hotel Maien GmbHAnsprechpartner: Wolfgang Alber Haftungsausschluss Inhalt des Onlineangebotes Die Hotel Maien GmbH \u00fcbernimmt keinerlei Gew\u00e4hr f\u00fcr die Aktualit\u00e4t, Korrektheit, Vollst\u00e4ndigkeit oder &hellip; <a href=\"https:\/\/www.maien.de\/?page_id=191\" class=\"more-link\"><span class=\"screen-reader-text\">\u201eImpressum\/ Kontakt\u201c <\/span>weiterlesen<\/a><\/p>\n","protected":false},"author":1,"featured_media":0,"parent":0,"menu_order":0,"comment_status":"closed","ping_status":"closed","template":"","meta":{"footnotes":""},"class_list":["post-191","page","type-page","status-publish","hentry"],"publishpress_future_action":{"enabled":false,"date":"2026-04-16 14:13:32","action":"change-status","newStatus":"draft","terms":[],"taxonomy":"","extraData":[]},"publishpress_future_workflow_manual_trigger":{"enabledWorkflows":[]},"_links":{"self":[{"href":"https:\/\/www.maien.de\/index.php?rest_route=\/wp\/v2\/pages\/191","targetHints":{"allow":["GET"]}}],"collection":[{"href":"https:\/\/www.maien.de\/index.php?rest_route=\/wp\/v2\/pages"}],"about":[{"href":"https:\/\/www.maien.de\/index.php?rest_route=\/wp\/v2\/types\/page"}],"author":[{"embeddable":true,"href":"https:\/\/www.maien.de\/index.php?rest_route=\/wp\/v2\/users\/1"}],"replies":[{"embeddable":true,"href":"https:\/\/www.maien.de\/index.php?rest_route=%2Fwp%2Fv2%2Fcomments&post=191"}],"version-history":[{"count":20,"href":"https:\/\/www.maien.de\/index.php?rest_route=\/wp\/v2\/pages\/191\/revisions"}],"predecessor-version":[{"id":593,"href":"https:\/\/www.maien.de\/index.php?rest_route=\/wp\/v2\/pages\/191\/revisions\/593"}],"wp:attachment":[{"href":"https:\/\/www.maien.de\/index.php?rest_route=%2Fwp%2Fv2%2Fmedia&parent=191"}],"curies":[{"name":"wp","href":"https:\/\/api.w.org\/{rel}","templated":true}]}}